{"id":2,"date":"2026-05-02T16:49:50","date_gmt":"2026-05-02T16:49:50","guid":{"rendered":"https:\/\/turawa.hosting24.pl\/?page_id=2"},"modified":"2026-05-02T21:23:22","modified_gmt":"2026-05-02T21:23:22","slug":"strona-glowna","status":"publish","type":"page","link":"https:\/\/turawa.hosting24.pl\/","title":{"rendered":"Witaj na naszej stronie"},"content":{"rendered":"\n<link href=\"https:\/\/fonts.googleapis.com\/css2?family=Inter:wght@300;400;600;700&#038;display=swap\" rel=\"stylesheet\">\n<link rel=\"stylesheet\" href=\"https:\/\/cdn.jsdelivr.net\/npm\/swiper@11\/swiper-bundle.min.css\"\/>\n\n<style>\n#willa { font-family: 'Inter', sans-serif; }\n\n\/* HERO *\/\n.hero {\n  height: 70vh;\n  background: url('wp-content\/uploads\/2026\/05\/Tlo.jpg') center\/cover;\n  display:flex;\n  align-items:center;\n  justify-content:center;\n  color:white;\n  text-align:center;\n  position:relative;\n}\n.hero::after {\n  content:\"\";\n  position:absolute;\n  inset:0;\n  background:rgba(0,0,0,0.45);\n}\n.hero-content {\n  position: relative;\n  transform: translateY(-40px); \/* podnosi tekst wy\u017cej *\/\n  z-index: 2;\n}\n\n.hero h1 {\n  font-size: 42px;\n  color: #ffffff !important;\n  margin-bottom: 10px;\n}\n\n.hero p {\n  color: #ffffff !important;\n  font-size: 18px;\n  opacity: 1; \/* usuwa \u201eszarawo\u015b\u0107\u201d *\/\n}\n\n\/* MENU *\/\n.menu {\n  position:sticky;\n  top:0;\n  background:white;\n  padding:15px;\n  text-align:center;\n  z-index:1000;\n}\n.menu a { margin:0 15px; text-decoration:none; color:#333; font-weight:600; }\n\n\/* SEKCJE *\/\n.section { padding:60px 20px; max-width:1100px; margin:auto; }\n.row { display:flex; gap:40px; align-items:center; }\n.col { flex:1; }\n.row img { width:100%; border-radius:12px; cursor:pointer; }\n\n\/* SWIPER *\/\n.swiper { padding:30px 20px; }\n.swiper-slide img {\n  width:100%; height:230px; object-fit:cover;\n  border-radius:12px;\n  cursor:pointer;\n}\n\n\/* FULLSCREEN *\/\n.fs-gallery {\n  position:fixed; inset:0; background:#000;\n  display:none; z-index:99999;\n}\n.fs-gallery.active { display:block; }\n\n.fsSwiper { width:100%; height:100%; }\n.fsSwiper img { width:100%; height:100%; object-fit:contain; }\n\n.fs-close {\n  position:absolute; top:20px; right:25px;\n  color:white; font-size:30px; cursor:pointer;\n  z-index:10;\n}\n\n\/* LICZNIK *\/\n.fs-counter {\n  position:absolute;\n  bottom:20px;\n  left:50%;\n  transform:translateX(-50%);\n  color:white;\n  background:rgba(0,0,0,0.6);\n  padding:6px 12px;\n  border-radius:8px;\n  font-size:14px;\n}\n\n\/* SINGLE IMG *\/\n.single-view {\n  width:100%; height:100%;\n  display:flex; align-items:center; justify-content:center;\n}\n.single-view img {\n  width:100%; height:100%; object-fit:contain;\n}\n\n\/* OPINIE *\/\n.reviews { display:flex; gap:20px; flex-wrap:wrap; }\n.review {\n  flex:1; min-width:250px;\n  background:#fafafa;\n  padding:20px;\n  border-radius:12px;\n}\n.stars { color:#f5b50a; }\n\n\/* FACEBOOK *\/\n.fb-box {\n  display:inline-flex;\n  gap:10px;\n  background:#1877F2;\n  color:white;\n  padding:15px 25px;\n  border-radius:10px;\n  text-decoration:none;\n}\n\n\/* CALL BTN *\/\n.call-btn {\n  position:fixed;\n  bottom:20px;\n  right:20px;\n  background:#28a745;\n  color:white;\n  padding:14px 20px;\n  border-radius:50px;\n  display:none;\n}\n@media(max-width:768px){\n  .row { flex-direction:column; }\n  .call-btn { display:block; }\n}\n\n\/* REVIEWS SCROLL *\/\n.reviews-scroll {\n  display: flex;\n  flex-wrap: nowrap; \/* KLUCZOWE *\/\n  gap: 20px;\n  overflow-x: auto;\n  overflow-y: hidden;\n  padding: 10px 10px 20px;\n  scroll-snap-type: x mandatory;\n  -webkit-overflow-scrolling: touch;\n}\n\n\/* ka\u017cda opinia MUSI mie\u0107 sta\u0142\u0105 szeroko\u015b\u0107 *\/\n.reviews-scroll .review {\n  flex: 0 0 280px; \/* KLUCZOWE *\/\n  width: 280px;\n  scroll-snap-align: start;\n}\n\n\/* ukrycie scrollbara *\/\n.reviews-scroll::-webkit-scrollbar {\n  display: none;\n}\n\n.reviews-scroll::-webkit-scrollbar {\n  display: none;\n}\n\n.review {\n  flex: 0 0 auto;\n  width: 280px;\n  background: #fafafa;\n  padding: 20px;\n  border-radius: 12px;\n  scroll-snap-align: start;\n  box-shadow: 0 4px 15px rgba(0,0,0,0.08);\n}\n\n.stars {\n  color: #f5b50a;\n  margin-bottom: 10px;\n}\n\/* CONTACT BUTTONS *\/\n.contact-btn {\n  display: inline-flex;\n  align-items: center;\n  gap: 10px;\n  padding: 12px 18px;\n  border-radius: 10px;\n  text-decoration: none;\n  font-weight: 600;\n  margin-top: 10px;\n  transition: 0.2s;\n}\n\n.phone-btn {\n  background: #28a745;\n  color: white;\n}\n\n.mail-btn {\n  background: #1877F2;\n  color: white;\n}\n\n.contact-btn:hover {\n  transform: scale(1.03);\n  opacity: 0.9;\n}\n\n\/* GOOGLE BUTTON *\/\n.google-btn-wrapper {\n  text-align: center;\n  margin-top: 20px;\n}\n\n.google-button {\n  display: inline-flex;\n  align-items: center;\n  gap: 12px;\n  background: #ffffff;\n  border: 1px solid #e0e0e0;\n  padding: 12px 18px;\n  border-radius: 12px;\n  text-decoration: none;\n  font-weight: 600;\n  color: #333;\n  box-shadow: 0 4px 12px rgba(0,0,0,0.08);\n  transition: 0.2s;\n}\n\n.google-button:hover {\n  transform: translateY(-2px);\n  box-shadow: 0 6px 18px rgba(0,0,0,0.12);\n}\n\n.google-icon {\n  width: 22px;\n  height: 22px;\n}\n#o-willi p,\n#okolica p {\n  line-height: 1.6;\n}\n\n\/* DESKTOP *\/\n@media (min-width: 768px) {\n  #o-willi p,\n  #okolica p {\n    text-align: justify;\n    hyphens: auto;\n  }\n}\n\n\/* MOBILE *\/\n@media (max-width: 767px) {\n  #o-willi p,\n  #okolica p {\n    text-align: left;\n  }\n}\n\n<\/style>\n\n<div id=\"willa\">\n\n<!-- HERO -->\n<div class=\"hero\">\n  <div class=\"hero-content\">\n    <h1>Odkryj idealny wypoczynek ju\u017c dzi\u015b<\/h1>\n    <p>Przytulny i komfortowy dom wypoczynkowy w samym sercu Turawy<\/p>\n  <\/div>\n<\/div>\n\n<!-- MENU -->\n<div class=\"menu\">\n  <a href=\"#o-willi\">O willi<\/a>\n  <a href=\"#okolica\">Okolica<\/a>\n  <a href=\"#kontakt\">Kontakt<\/a>\n  <a href=\"\/?page_id=3\">Regulamin<\/a>\n<\/div>\n\n<!-- GALERIA -->\n<div class=\"swiper mySwiper\">\n  <div class=\"swiper-wrapper\">\n    <div class=\"swiper-slide\"><img decoding=\"async\" src=\"wp-content\/uploads\/2026\/05\/glowne.jpg\"><\/div>\n    <div class=\"swiper-slide\"><img decoding=\"async\" src=\"wp-content\/uploads\/2026\/05\/Tyl1.jpg\"><\/div>\n    <div class=\"swiper-slide\"><img decoding=\"async\" src=\"wp-content\/uploads\/2026\/05\/Tyl2.jpg\"><\/div>\n    <div class=\"swiper-slide\"><img decoding=\"async\" src=\"wp-content\/uploads\/2026\/05\/Kuchnia.jpg\"><\/div>\n    <div class=\"swiper-slide\"><img decoding=\"async\" src=\"wp-content\/uploads\/2026\/05\/Salon1.jpg\"><\/div>\n    <div class=\"swiper-slide\"><img decoding=\"async\" src=\"wp-content\/uploads\/2026\/05\/Salon2.jpg\"><\/div>\n<div class=\"swiper-slide\"><img decoding=\"async\" src=\"wp-content\/uploads\/2026\/05\/Kuchnia2.jpg\"><\/div>\n<div class=\"swiper-slide\"><img decoding=\"async\" src=\"wp-content\/uploads\/2026\/05\/Sypialnia1.jpg\"><\/div>\n<div class=\"swiper-slide\"><img decoding=\"async\" src=\"wp-content\/uploads\/2026\/05\/Sypialnia2.jpg\"><\/div>\n<div class=\"swiper-slide\"><img decoding=\"async\" src=\"wp-content\/uploads\/2026\/05\/Sypialnia3.jpg\"><\/div>\n<div class=\"swiper-slide\"><img decoding=\"async\" src=\"wp-content\/uploads\/2026\/05\/lazienka1.jpg\"><\/div>\n<div class=\"swiper-slide\"><img decoding=\"async\" src=\"wp-content\/uploads\/2026\/05\/lazienka2.jpg\"><\/div>\n<div class=\"swiper-slide\"><img decoding=\"async\" src=\"wp-content\/uploads\/2026\/05\/JS.jpg\"><\/div>\n<div class=\"swiper-slide\"><img decoding=\"async\" src=\"wp-content\/uploads\/2026\/05\/Jacuzzi1.jpg\"><\/div>\n<div class=\"swiper-slide\"><img decoding=\"async\" src=\"wp-content\/uploads\/2026\/05\/Sauna.jpg\"><\/div>\n<div class=\"swiper-slide\"><img decoding=\"async\" src=\"wp-content\/uploads\/2026\/05\/Jacuzzi2.jpg\"><\/div>\n  <\/div>\n  <div class=\"swiper-button-next\"><\/div>\n  <div class=\"swiper-button-prev\"><\/div>\n<\/div>\n\n<!-- O WILLI -->\n<div id=\"o-willi\" class=\"section\">\n  <div class=\"row\">\n    <div class=\"col\">\n      <img decoding=\"async\" src=\"wp-content\/uploads\/2026\/05\/glowne.jpg\" onclick=\"openSingle(this.src)\">\n    <\/div>\n    <div class=\"col\">\n      <h2>O willi<\/h2>\n      <p>\n      Oferujemy ca\u0142oroczny wynajem kr\u00f3tkoterminowy dwukondygnacyjnego domu letniskowego dla maksymalnie 6 os\u00f3b.\n      Dom sk\u0142ada si\u0119 z trzech sypialni, dw\u00f3ch \u0142azienek z prysznicem oraz salonu z aneksem kuchennym.\n      Do dyspozycji go\u015bci jest r\u00f3wnie\u017c taras z grillem, a za dodatkow\u0105 op\u0142at\u0105 jacuzzi oraz sauna.\n      <\/p>\n    <\/div>\n  <\/div>\n<\/div>\n\n<!-- OKOLICA -->\n<div id=\"okolica\" class=\"section\">\n  <div class=\"row\">\n    <div class=\"col\">\n      <img decoding=\"async\" src=\"wp-content\/uploads\/2026\/05\/Tlo.jpg\">\n    <\/div>\n    <div class=\"col\">\n      <h2>Okolica<\/h2>\n      <p>\n      Dom jest po\u0142o\u017cony na p\u00f3\u0142nocnej stronie jeziora, w spokojnym otoczeniu lasu, 500 m od jeziora,\n      15 minut od promenady w Turawie. W okolicy Jezior Turawskich znajduje si\u0119 wiele \u015bcie\u017cek\n      rowerowych i pieszych.\n      <\/p>\n    <\/div>\n  <\/div>\n<\/div>\n\n<!-- KONTAKT -->\n<div id=\"kontakt\" class=\"section\">\n  <div class=\"row\">\n    <div class=\"col\">\n      <h2>Kontakt<\/h2>\n      <p><strong>Adres:<\/strong><br>\n      ul. Jagodowa 18<br>Turawa<br>46-045 Polska<\/p>\n\n      <p><strong>Telefon:<\/strong><br>\n+48 600 079 954<\/p>\n\n<a href=\"tel:+48600079954\" class=\"contact-btn phone-btn\">\n\ud83d\udcde Zadzwo\u0144\n<\/a>\n\n<br><br>\n\n<p><strong>E-mail:<\/strong><br>\nkontakt@willaturawa.pl<\/p>\n\n<a href=\"mailto:kontakt@willaturawa.pl\" class=\"contact-btn mail-btn\">\n\u2709\ufe0f Napisz do nas\n<\/a>\n    <\/div>\n\n    <div class=\"col\">\n      <iframe loading=\"lazy\" src=\"https:\/\/www.google.com\/maps?q=Jagodowa+18+Turawa&#038;output=embed\" width=\"100%\" height=\"300\"><\/iframe>\n    <\/div>\n  <\/div>\n<\/div>\n\n<!-- OPINIE -->\n<!-- OPINIE -->\n<div class=\"section\">\n  <h2>Opinie naszych go\u015bci<\/h2>\n\n  <div class=\"reviews-scroll\">\n\n    <div class=\"review\">\n      <div class=\"stars\">\u2605\u2605\u2605\u2605\u2605<\/div>\n      <p>\u201eW\u0142a\u015bnie wr\u00f3cili\u015bmy z przyjaci\u00f3\u0142mi z pi\u0119knej Willi Turawa w kt\u00f3rej sp\u0119dzili\u015bmy Sylwestra \u263a\ufe0f miejsce cudowne, Willa po prostu cudo \u263a\ufe0f W\u0142a\u015bciciele przesympatyczni i bardzo pomocni ( pozdrawiamy Edyt\u0119 i Artura ) potrafi\u0105 zadba\u0107 o go\u015bci \ud83d\udc4d a wisie\u0144ka na torcie to jacuzzi \ud83d\udc4d\ud83d\udc4d\ud83d\udc4d na pewno wr\u00f3cimy i jeszcze raz dzi\u0119kujemy\nMarzenka, Aga, Monika, Lesiu, Przemo i Tomek\u201d<\/p>\n    <\/div>\n\n    <div class=\"review\">\n      <div class=\"stars\">\u2605\u2605\u2605\u2605\u2605<\/div>\n      <p>\u201e\u015awietne miejsce na wypad nad jezioro! Domek nowy, czysty, ma wszystko, co trzeba \u2013 od porz\u0105dnej kuchni po wygodne \u0142\u00f3\u017cka. Taras z widokiem na las to m\u00f3j ulubiony punkt, idealny na porann\u0105 kaw\u0119.\n\nDo jeziora jest naprawd\u0119 blisko, a w okolicy mo\u017cna i\u015b\u0107 na rower, kajak albo po prostu pole\u017ce\u0107 na pla\u017cy. Du\u017cy plus za cisz\u0119 i spok\u00f3j \u2013 zero ha\u0142asu, tylko szum drzew i \u015bpiew ptak\u00f3w.\n\nW\u0142a\u015bciciele bardzo sympatyczni i pomocni. Na pewno tu wr\u00f3cimy!\u201d<\/p>\n    <\/div>\n\n    <div class=\"review\">\n      <div class=\"stars\">\u2605\u2605\u2605\u2605\u2605<\/div>\n      <p>\u201eBardzo mi\u0142e miejsce do odpoczynku\nCisza i spok\u00f3j.  Las daje oaz\u0119 kontaktu z natur\u0105.  Miejsce czyste i przyjemne . Mozna na rowerku poje\u017adzi\u0107 i pop\u0142ywa\u0107 w jeziorze  Wspania\u0142e miejsce dla w\u0119dkarzy. Wieczorem mozna za dodatkow\u0105 op\u0142at\u0105 skorzysta\u0107 z balii.\nBardzo mili gospodarze\nPozdrawiamy W\u0142a\u015bcicieli pojawimy sie jeszcze raz .\u201d<\/p>\n    <\/div>\n\n\n  <\/div>\n\n<div class=\"google-btn-wrapper\">\n  <a href=\"https:\/\/maps.app.goo.gl\/2rD6JmmzsjKQk8Vm8\" target=\"_blank\" class=\"google-button\">\n    \n    <svg class=\"google-icon\" viewBox=\"0 0 48 48\">\n      <path fill=\"#FFC107\" d=\"M43.6 20.5H42V20H24v8h11.3C33.7 32.7 29.3 36 24 36c-6.6 0-12-5.4-12-12s5.4-12 12-12c3 0 5.7 1.1 7.8 2.9l5.7-5.7C34.6 6.1 29.6 4 24 4 12.9 4 4 12.9 4 24s8.9 20 20 20 20-8.9 20-20c0-1.3-.1-2.7-.4-3.5z\"\/>\n      <path fill=\"#FF3D00\" d=\"M6.3 14.7l6.6 4.8C14.7 16 18.9 12 24 12c3 0 5.7 1.1 7.8 2.9l5.7-5.7C34.6 6.1 29.6 4 24 4 16.3 4 9.7 8.4 6.3 14.7z\"\/>\n      <path fill=\"#4CAF50\" d=\"M24 44c5.2 0 10-2 13.6-5.3l-6.3-5.2C29.3 35.8 26.8 36.8 24 36c-5.3 0-9.7-3.3-11.3-8l-6.5 5C9.4 39.6 16.1 44 24 44z\"\/>\n      <path fill=\"#1976D2\" d=\"M43.6 20.5H42V20H24v8h11.3c-1.2 3.7-4.6 6.3-8.3 7.2l6.3 5.2C36.8 37.6 40 32 40 24c0-1.3-.1-2.7-.4-3.5z\"\/>\n    <\/svg>\n\n    <span>Zobacz wszystkie opinie w Google<\/span>\n  <\/a>\n<\/div>\n\n<!-- FACEBOOK -->\n<div class=\"section\" style=\"text-align:center;\">\n  <a href=\"https:\/\/www.facebook.com\/people\/Willa-Turawa\/61576979668969\/\" target=\"_blank\" class=\"fb-box\">\n    Odwied\u017a nas na Facebooku\n  <\/a>\n<\/div>\n\n<!-- STOPKA -->\n<div class=\"section\" style=\"text-align:center;font-size:14px;\">\n  Wynajmuj\u0105c nasz obiekt akceptujesz postanowienia Regulaminu &#8211;\n  <a href=\"\/?page_id=3\">Regulamin wynajmu domu ca\u0142orocznego &#8211; Willa Turawa<\/a>\n<\/div>\n\n<!-- FULLSCREEN -->\n<div id=\"fullscreenGallery\" class=\"fs-gallery\" onclick=\"closeGallery(event)\">\n  <div class=\"fs-close\" onclick=\"closeGallery()\">\u2715<\/div>\n\n  <div class=\"swiper fsSwiper\">\n    <div class=\"swiper-wrapper\" id=\"fsWrapper\"><\/div>\n  <\/div>\n\n  <div class=\"single-view\" id=\"singleView\" style=\"display:none;\">\n    <img id=\"singleImg\">\n  <\/div>\n\n  <div class=\"fs-counter\" id=\"fsCounter\">1 \/ 1<\/div>\n<\/div>\n\n<script src=\"https:\/\/cdn.jsdelivr.net\/npm\/swiper@11\/swiper-bundle.min.js\"><\/script>\n\n<script>\nlet fsSwiper;\nlet images = [];\n\ndocument.addEventListener(\"DOMContentLoaded\", function () {\n\n  new Swiper(\".mySwiper\", {\n    slidesPerView: 3,\n    spaceBetween: 15,\n    loop: true,\n    navigation: {\n      nextEl: \".swiper-button-next\",\n      prevEl: \".swiper-button-prev\",\n    },\n    breakpoints: {\n      0: { slidesPerView: 1.2 },\n      600: { slidesPerView: 2 },\n      1024: { slidesPerView: 3 }\n    }\n  });\n\n  const imgs = document.querySelectorAll(\".mySwiper img\");\n\n  imgs.forEach((img, index) => {\n    images.push(img.src);\n    img.addEventListener(\"click\", () => openGallery(index));\n  });\n\n});\n\nfunction updateCounter(swiper){\n  document.getElementById(\"fsCounter\").innerText =\n    (swiper.realIndex + 1) + \" \/ \" + images.length;\n}\n\nfunction openGallery(startIndex){\n  const wrapper = document.getElementById(\"fsWrapper\");\n  wrapper.innerHTML = \"\";\n  document.getElementById(\"singleView\").style.display=\"none\";\n\n  images.forEach(src => {\n    const slide = document.createElement(\"div\");\n    slide.className = \"swiper-slide\";\n    slide.innerHTML = `<img decoding=\"async\" src=\"${src}\">`;\n    wrapper.appendChild(slide);\n  });\n\n  document.getElementById(\"fullscreenGallery\").classList.add(\"active\");\n\n  fsSwiper = new Swiper(\".fsSwiper\", {\n    initialSlide: startIndex,\n    loop: true,\n    on: {\n      slideChange: function () {\n        updateCounter(this);\n      }\n    }\n  });\n\n  updateCounter(fsSwiper);\n}\n\nfunction openSingle(src){\n  document.getElementById(\"fullscreenGallery\").classList.add(\"active\");\n  document.getElementById(\"singleView\").style.display=\"flex\";\n  document.getElementById(\"singleImg\").src = src;\n  document.getElementById(\"fsCounter\").innerText = \"\";\n}\n\nfunction closeGallery(e){\n  if(e && e.target !== e.currentTarget) return;\n\n  document.getElementById(\"fullscreenGallery\").classList.remove(\"active\");\n  document.getElementById(\"singleView\").style.display=\"none\";\n\n  if(fsSwiper) fsSwiper.destroy(true,true);\n}\n\ndocument.addEventListener(\"keydown\", function(e){\n  if(e.key === \"Escape\") closeGallery();\n});\n<\/script>\n\n\n\n<p><\/p>\n","protected":false},"excerpt":{"rendered":"<p>Odkryj idealny wypoczynek ju\u017c dzi\u015b Przytulny i komfortowy dom wypoczynkowy w samym sercu Turawy O willi Okolica Kontakt Regulamin O willi Oferujemy ca\u0142oroczny wynajem kr\u00f3tkoterminowy dwukondygnacyjnego domu letniskowego dla maksymalnie 6 os\u00f3b. Dom sk\u0142ada si\u0119 z trzech sypialni, dw\u00f3ch \u0142azienek z prysznicem oraz salonu z aneksem kuchennym. Do dyspozycji go\u015bci jest r\u00f3wnie\u017c taras z grillem,&hellip;&nbsp;<\/p>\n","protected":false},"author":1,"featured_media":0,"parent":0,"menu_order":0,"comment_status":"closed","ping_status":"closed","template":"","meta":{"neve_meta_sidebar":"","neve_meta_container":"","neve_meta_enable_content_width":"","neve_meta_content_width":0,"neve_meta_title_alignment":"","neve_meta_author_avatar":"","neve_post_elements_order":"","neve_meta_disable_header":"","neve_meta_disable_footer":"","neve_meta_disable_title":"","footnotes":""},"class_list":["post-2","page","type-page","status-publish","hentry"],"_links":{"self":[{"href":"https:\/\/turawa.hosting24.pl\/index.php?rest_route=\/wp\/v2\/pages\/2","targetHints":{"allow":["GET"]}}],"collection":[{"href":"https:\/\/turawa.hosting24.pl\/index.php?rest_route=\/wp\/v2\/pages"}],"about":[{"href":"https:\/\/turawa.hosting24.pl\/index.php?rest_route=\/wp\/v2\/types\/page"}],"author":[{"embeddable":true,"href":"https:\/\/turawa.hosting24.pl\/index.php?rest_route=\/wp\/v2\/users\/1"}],"replies":[{"embeddable":true,"href":"https:\/\/turawa.hosting24.pl\/index.php?rest_route=%2Fwp%2Fv2%2Fcomments&post=2"}],"version-history":[{"count":45,"href":"https:\/\/turawa.hosting24.pl\/index.php?rest_route=\/wp\/v2\/pages\/2\/revisions"}],"predecessor-version":[{"id":99,"href":"https:\/\/turawa.hosting24.pl\/index.php?rest_route=\/wp\/v2\/pages\/2\/revisions\/99"}],"wp:attachment":[{"href":"https:\/\/turawa.hosting24.pl\/index.php?rest_route=%2Fwp%2Fv2%2Fmedia&parent=2"}],"curies":[{"name":"wp","href":"https:\/\/api.w.org\/{rel}","templated":true}]}}